{"id":3694,"date":"2021-01-24T23:46:21","date_gmt":"2021-01-24T23:46:21","guid":{"rendered":"https:\/\/www.duminot.com\/shop\/uncategorized\/cremant-de-pomme-rosee\/"},"modified":"2025-01-09T19:52:30","modified_gmt":"2025-01-09T19:52:30","slug":"cremant-de-pomme-rosee","status":"publish","type":"product","link":"https:\/\/www.duminot.com\/en\/shop\/sparkling-ciders\/cremant-de-pomme-rosee\/","title":{"rendered":"Cr\u00e9mant de pomme ros\u00e9e"},"content":{"rendered":"<div class=\"product-single__description rte\">\n<p><strong>VARIETIES<\/strong><br \/>\nGeneva (small red-fleshed, tannic apple), Mont-Royal, and McIntosh.<\/p>\n<p><strong>RESULT (2.5% alc.\/vol.)<\/strong><br \/>\nA ros\u00e9 cider with aromas of red fruits like strawberry and raspberry, offering a fresh taste with a slight bitterness (thanks to the tannins of the Geneva apple) that gives it a rebellious character and persistent mousse. A deliciously fresh palate with hints of apple and a cherry finish.<\/p>\n<p><strong>SERVICE<\/strong><br \/>\nServe chilled between 4\u00b0C and 6\u00b0C.<br \/>\nPerfect as an aperitif or for brunch, it also pairs well with smoked fish, dried sausages, shrimp tapas, and small bites of goat cheese and cranberries. Its low alcohol content makes Cr\u00e9mant de Pomme Ros\u00e9 the perfect companion for cocktails with friends and family celebrations.<\/p>\n<\/div>\n","protected":false},"excerpt":{"rendered":"<p>Cr\u00e9mant de Pomme Ros\u00e9 is a ros\u00e9 cider with aromas of red fruits such as strawberry and raspberry, offering a fresh taste with a slight bitterness that gives it a touch of rebellious character and a persistent mousse.<\/p>\n","protected":false},"featured_media":3695,"comment_status":"open","ping_status":"closed","template":"","meta":{"ocean_post_layout":"full-width","ocean_both_sidebars_style":"","ocean_both_sidebars_content_width":0,"ocean_both_sidebars_sidebars_width":0,"ocean_sidebar":"0","ocean_second_sidebar":"0","ocean_disable_margins":"enable","ocean_add_body_class":"","ocean_shortcode_before_top_bar":"","ocean_shortcode_after_top_bar":"","ocean_shortcode_before_header":"","ocean_shortcode_after_header":"","ocean_has_shortcode":"","ocean_shortcode_after_title":"","ocean_shortcode_before_footer_widgets":"","ocean_shortcode_after_footer_widgets":"","ocean_shortcode_before_footer_bottom":"","ocean_shortcode_after_footer_bottom":"","ocean_display_top_bar":"default","ocean_display_header":"default","ocean_header_style":"","ocean_center_header_left_menu":"0","ocean_custom_header_template":"0","ocean_custom_logo":0,"ocean_custom_retina_logo":0,"ocean_custom_logo_max_width":0,"ocean_custom_logo_tablet_max_width":0,"ocean_custom_logo_mobile_max_width":0,"ocean_custom_logo_max_height":0,"ocean_custom_logo_tablet_max_height":0,"ocean_custom_logo_mobile_max_height":0,"ocean_header_custom_menu":"0","ocean_menu_typo_font_family":"0","ocean_menu_typo_font_subset":"","ocean_menu_typo_font_size":0,"ocean_menu_typo_font_size_tablet":0,"ocean_menu_typo_font_size_mobile":0,"ocean_menu_typo_font_size_unit":"px","ocean_menu_typo_font_weight":"","ocean_menu_typo_font_weight_tablet":"","ocean_menu_typo_font_weight_mobile":"","ocean_menu_typo_transform":"","ocean_menu_typo_transform_tablet":"","ocean_menu_typo_transform_mobile":"","ocean_menu_typo_line_height":0,"ocean_menu_typo_line_height_tablet":0,"ocean_menu_typo_line_height_mobile":0,"ocean_menu_typo_line_height_unit":"","ocean_menu_typo_spacing":0,"ocean_menu_typo_spacing_tablet":0,"ocean_menu_typo_spacing_mobile":0,"ocean_menu_typo_spacing_unit":"","ocean_menu_link_color":"","ocean_menu_link_color_hover":"","ocean_menu_link_color_active":"","ocean_menu_link_background":"","ocean_menu_link_hover_background":"","ocean_menu_link_active_background":"","ocean_menu_social_links_bg":"","ocean_menu_social_hover_links_bg":"","ocean_menu_social_links_color":"","ocean_menu_social_hover_links_color":"","ocean_disable_title":"default","ocean_disable_heading":"default","ocean_post_title":"","ocean_post_subheading":"","ocean_post_title_style":"","ocean_post_title_background_color":"","ocean_post_title_background":0,"ocean_post_title_bg_image_position":"","ocean_post_title_bg_image_attachment":"","ocean_post_title_bg_image_repeat":"","ocean_post_title_bg_image_size":"","ocean_post_title_height":0,"ocean_post_title_bg_overlay":0.5,"ocean_post_title_bg_overlay_color":"","ocean_disable_breadcrumbs":"default","ocean_breadcrumbs_color":"","ocean_breadcrumbs_separator_color":"","ocean_breadcrumbs_links_color":"","ocean_breadcrumbs_links_hover_color":"","ocean_display_footer_widgets":"default","ocean_display_footer_bottom":"default","ocean_custom_footer_template":"0","osh_disable_topbar_sticky":"default","osh_disable_header_sticky":"default","osh_sticky_header_style":"default","osh_sticky_header_effect":"","osh_custom_sticky_logo":0,"osh_custom_retina_sticky_logo":0,"osh_custom_sticky_logo_height":0,"osh_background_color":"","osh_links_color":"","osh_links_hover_color":"","osh_links_active_color":"","osh_links_bg_color":"","osh_links_hover_bg_color":"","osh_links_active_bg_color":"","osh_menu_social_links_color":"","osh_menu_social_hover_links_color":""},"product_brand":[],"product_cat":[70],"product_tag":[],"class_list":{"0":"post-3694","1":"product","2":"type-product","3":"status-publish","4":"has-post-thumbnail","6":"product_cat-sparkling-ciders","8":"entry","9":"has-media","11":"first","12":"instock","13":"purchasable","14":"product-type-simple","15":"has-product-nav","16":"col","17":"span_1_of_3","18":"owp-content-left","19":"owp-thumbs-layout-horizontal","20":"owp-btn-normal","21":"owp-tabs-layout-horizontal","22":"has-no-thumbnails"},"jetpack_sharing_enabled":true,"_links":{"self":[{"href":"https:\/\/www.duminot.com\/en\/wp-json\/wp\/v2\/product\/3694","targetHints":{"allow":["GET"]}}],"collection":[{"href":"https:\/\/www.duminot.com\/en\/wp-json\/wp\/v2\/product"}],"about":[{"href":"https:\/\/www.duminot.com\/en\/wp-json\/wp\/v2\/types\/product"}],"replies":[{"embeddable":true,"href":"https:\/\/www.duminot.com\/en\/wp-json\/wp\/v2\/comments?post=3694"}],"version-history":[{"count":2,"href":"https:\/\/www.duminot.com\/en\/wp-json\/wp\/v2\/product\/3694\/revisions"}],"predecessor-version":[{"id":4895,"href":"https:\/\/www.duminot.com\/en\/wp-json\/wp\/v2\/product\/3694\/revisions\/4895"}],"wp:featuredmedia":[{"embeddable":true,"href":"https:\/\/www.duminot.com\/en\/wp-json\/wp\/v2\/media\/3695"}],"wp:attachment":[{"href":"https:\/\/www.duminot.com\/en\/wp-json\/wp\/v2\/media?parent=3694"}],"wp:term":[{"taxonomy":"product_brand","embeddable":true,"href":"https:\/\/www.duminot.com\/en\/wp-json\/wp\/v2\/product_brand?post=3694"},{"taxonomy":"product_cat","embeddable":true,"href":"https:\/\/www.duminot.com\/en\/wp-json\/wp\/v2\/product_cat?post=3694"},{"taxonomy":"product_tag","embeddable":true,"href":"https:\/\/www.duminot.com\/en\/wp-json\/wp\/v2\/product_tag?post=3694"}],"curies":[{"name":"wp","href":"https:\/\/api.w.org\/{rel}","templated":true}]}}