{"id":3181,"date":"2021-02-24T19:57:32","date_gmt":"2021-02-24T19:57:32","guid":{"rendered":"https:\/\/www.duminot.com\/politique-de-confidentialite\/"},"modified":"2021-02-25T20:05:13","modified_gmt":"2021-02-25T20:05:13","slug":"policy-privacy","status":"publish","type":"page","link":"https:\/\/www.duminot.com\/en\/policy-privacy\/","title":{"rendered":"Policy Privacy"},"content":{"rendered":"\t\t<div data-elementor-type=\"wp-page\" data-elementor-id=\"3181\" class=\"elementor elementor-3181 elementor-298\" data-elementor-post-type=\"page\">\n\t\t\t\t\t\t<section class=\"elementor-section elementor-top-section elementor-element elementor-element-74b84143 elementor-section-full_width elementor-section-height-default elementor-section-height-default\" data-id=\"74b84143\" data-element_type=\"section\" data-e-type=\"section\" data-settings=\"{&quot;background_background&quot;:&quot;classic&quot;}\">\n\t\t\t\t\t\t<div class=\"elementor-container elementor-column-gap-default\">\n\t\t\t\t\t<div class=\"elementor-column elementor-col-100 elementor-top-column elementor-element elementor-element-61b8e055\" data-id=\"61b8e055\" data-element_type=\"column\" data-e-type=\"column\">\n\t\t\t<div class=\"elementor-widget-wrap elementor-element-populated\">\n\t\t\t\t\t\t<div class=\"elementor-element elementor-element-671ccfc2 elementor-widget elementor-widget-text-editor\" data-id=\"671ccfc2\" data-element_type=\"widget\" data-e-type=\"widget\" data-widget_type=\"text-editor.default\">\n\t\t\t\t<div class=\"elementor-widget-container\">\n\t\t\t\t\t\t\t\t\t<div class=\"entry-content\">\n<h5><strong>Introduction<\/strong><br \/>Devant le d\u00e9veloppement des nouveaux outils de communication, il est n\u00e9cessaire de porter une attention particuli\u00e8re \u00e0 la protection de la vie priv\u00e9e. C\u2019est pourquoi, nous nous engageons \u00e0 respecter la confidentialit\u00e9 des renseignements personnels que nous collectons.<\/h5>\n<hr \/>\n<h5>Collecte des renseignements personnels<\/h5>\n<p>\u00a0<\/p>\n<p>Nous collectons les renseignements suivants :<\/p>\n<ul>\n<li>\n<h5>Nom<\/h5>\n<\/li>\n<li>\n<h5>Pr\u00e9nom<\/h5>\n<\/li>\n<li>\n<h5>Adresse postale<\/h5>\n<\/li>\n<li>\n<h5>Code postal<\/h5>\n<\/li>\n<li>\n<h5>Adresse \u00e9lectronique<\/h5>\n<\/li>\n<\/ul>\n<h5>Les renseignements personnels que nous collectons sont recueillis au travers de formulaires et gr\u00e2ce \u00e0 l\u2019interactivit\u00e9 \u00e9tablie entre vous et notre site Web. Nous utilisons \u00e9galement, comme indiqu\u00e9 dans la section suivante, des fichiers t\u00e9moins et\/ou journaux pour r\u00e9unir des informations vous concernant.<\/h5>\n<hr \/>\n<h5>Formulaires\u00a0 et interactivit\u00e9:<\/h5>\n<p>\u00a0<\/p>\n<p>Vos renseignements personnels sont collect\u00e9s par le biais de formulaire, \u00e0 savoir :<\/p>\n<ul>\n<li>\n<h5>Formulaire de contact<\/h5>\n<\/li>\n<\/ul>\n<h5>Nous utilisons les renseignements ainsi collect\u00e9s pour les finalit\u00e9s suivantes :<\/h5>\n<ul>\n<li>\n<h5>Informations \/ Offres promotionnelles<\/h5>\n<\/li>\n<li>\n<h5>Statistiques<\/h5>\n<\/li>\n<li>\n<h5>Contact<\/h5>\n<\/li>\n<li>\n<h5>Gestion du site Web (pr\u00e9sentation, organisation)<\/h5>\n<\/li>\n<\/ul>\n<h5>Vos renseignements sont \u00e9galement collect\u00e9s par le biais de l\u2019interactivit\u00e9 pouvant s\u2019\u00e9tablir entre vous et notre site Web et ce, de la fa\u00e7on suivante:<\/h5>\n<p>\u00a0<\/p>\n<p>Nous utilisons les renseignements ainsi collect\u00e9s pour les finalit\u00e9s suivantes :<\/p>\n<hr \/>\n<h5>Fichiers journaux et t\u00e9moins<\/h5>\n<p>\u00a0<\/p>\n<p>Nous recueillons certaines informations par le biais de fichiers journaux (log file) et de fichiers t\u00e9moins (cookies). Il s\u2019agit principalement des informations suivantes :<\/p>\n<ul>\n<li>\n<h5>Adresse IP<\/h5>\n<\/li>\n<li>\n<h5>Syst\u00e8me d\u2019exploitation<\/h5>\n<\/li>\n<li>\n<h5>Pages visit\u00e9es et requ\u00eates<\/h5>\n<\/li>\n<li>\n<h5>Heure et jour de connexion<\/h5>\n<\/li>\n<\/ul>\n<p>Le recours \u00e0 de tels fichiers nous permet :<\/p>\n<ul>\n<li>\n<h5>Am\u00e9lioration du service et accueil personnalis\u00e9<\/h5>\n<\/li>\n<li>\n<h5>Statistique<\/h5>\n<\/li>\n<\/ul>\n<hr \/>\n<h5>Droit d\u2019opposition et de retrait<\/h5>\n<p>\u00a0<\/p>\n<p>Nous nous engageons \u00e0 vous offrir un droit d\u2019opposition et de retrait quant \u00e0 vos renseignements personnels.<br \/>Le droit d\u2019opposition s\u2019entend comme \u00e9tant la possiblit\u00e9 offerte aux internautes de refuser que leurs renseignements personnels soient utilis\u00e9es \u00e0 certaines fins mentionn\u00e9es lors de la collecte.<\/p>\n<p>Le droit de retrait s\u2019entend comme \u00e9tant la possiblit\u00e9 offerte aux internautes de demander \u00e0 ce que leurs renseignements personnels ne figurent plus, par exemple, dans une liste de diffusion.<\/p>\n<p>Pour pouvoir exercer ces droits, vous pouvez : <br \/>Code postal : 376, chemin Covey Hill, Hemmingford J0L 1H0<br \/>Courriel : marie-eve@duminot.com<br \/>T\u00e9l\u00e9phone : 450 247-3111<br \/>Section du site web : www.duminot.com\/<\/p>\n<hr \/>\n<h5>Droit d\u2019acc\u00e8s<\/h5>\n<p>\u00a0<\/p>\n<p>Nous nous engageons \u00e0 reconna\u00eetre un droit d\u2019acc\u00e8s et de rectification aux personnes concern\u00e9es d\u00e9sireuses de consulter, modifier, voire radier les informations les concernant.<br \/>L\u2019exercice de ce droit se fera :<br \/>Code postal : 376, chemin Covey Hill, Hemmingford J0L 1H0<br \/>Courriel : marie-eve@duminot.com<br \/>T\u00e9l\u00e9phone : 450 247-3111<br \/>Section du site web : www.duminot.com\/<\/p>\n<hr \/>\n<h5>S\u00e9curit\u00e9<\/h5>\n<p>\u00a0<\/p>\n<p>Les renseignements personnels que nous collectons sont conserv\u00e9s dans un environnement s\u00e9curis\u00e9. Les personnes travaillant pour nous sont tenues de respecter la confidentialit\u00e9 de vos informations.<br \/>Pour assurer la s\u00e9curit\u00e9 de vos renseignements personnels, nous avons recours aux mesures suivantes :<\/p>\n<ul>\n<li>\n<h5>Protocole SSL (Secure Sockets Layer)<\/h5>\n<\/li>\n<li>\n<h5>Gestion des acc\u00e8s \u2013 personne autoris\u00e9e<\/h5>\n<\/li>\n<li>\n<h5>Logiciel de surveillance du r\u00e9seau<\/h5>\n<\/li>\n<li>\n<h5>Sauvegarde informatique<\/h5>\n<\/li>\n<li>\n<h5>D\u00e9veloppement de certificat num\u00e9rique<\/h5>\n<\/li>\n<li>\n<h5>Identifiant \/ mot de passe<\/h5>\n<\/li>\n<li>\n<h5>Pare-feu (Firewalls)<\/h5>\n<\/li>\n<\/ul>\n<h5>Nous nous engageons \u00e0 maintenir un haut degr\u00e9 de confidentialit\u00e9 en int\u00e9grant les derni\u00e8res innovations technologiques permettant d\u2019assurer la confidentialit\u00e9 de vos transactions. Toutefois, comme aucun m\u00e9canisme n\u2019offre une s\u00e9curit\u00e9 maximale, une part de risque est toujours pr\u00e9sente lorsque l\u2019on utilise Internet pour transmettre des renseignements personnels.<\/h5>\n<hr \/>\n<h5>Label<\/h5>\n<p>\u00a0<\/p>\n<p>Nos engagements en mati\u00e8re de protection des renseignements personnels r\u00e9pondent aux exigences du programme suivant :<\/p>\n<hr \/>\n<h5>L\u00e9gislation<\/h5>\n<p>\u00a0<\/p>\n<p>Nous nous engageons \u00e0 respecter les dispositions l\u00e9gislatives \u00e9nonc\u00e9es dans : <br \/>https:\/\/www.donneesquebec.ca\/fr\/politique-de-confidentialite\/<\/p>\n<\/div>\n\t\t\t\t\t\t\t\t<\/div>\n\t\t\t\t<\/div>\n\t\t\t\t\t<\/div>\n\t\t<\/div>\n\t\t\t\t\t<\/div>\n\t\t<\/section>\n\t\t\t\t<\/div>\n\t\t","protected":false},"excerpt":{"rendered":"<p>IntroductionDevant le d\u00e9veloppement des nouveaux outils de communication, il est n\u00e9cessaire de porter une attention particuli\u00e8re \u00e0 la protection de la vie priv\u00e9e. C\u2019est pourquoi, nous nous engageons \u00e0 respecter la confidentialit\u00e9 des renseignements personnels que nous collectons. Collecte des renseignements personnels \u00a0 Nous collectons les renseignements suivants : Nom Pr\u00e9nom Adresse postale Code postal [&hellip;]<\/p>\n","protected":false},"author":1,"featured_media":0,"parent":0,"menu_order":0,"comment_status":"closed","ping_status":"closed","template":"","meta":{"ocean_post_layout":"","ocean_both_sidebars_style":"","ocean_both_sidebars_content_width":0,"ocean_both_sidebars_sidebars_width":0,"ocean_sidebar":"0","ocean_second_sidebar":"0","ocean_disable_margins":"enable","ocean_add_body_class":"","ocean_shortcode_before_top_bar":"","ocean_shortcode_after_top_bar":"","ocean_shortcode_before_header":"","ocean_shortcode_after_header":"","ocean_has_shortcode":"","ocean_shortcode_after_title":"","ocean_shortcode_before_footer_widgets":"","ocean_shortcode_after_footer_widgets":"","ocean_shortcode_before_footer_bottom":"","ocean_shortcode_after_footer_bottom":"","ocean_display_top_bar":"default","ocean_display_header":"default","ocean_header_style":"","ocean_center_header_left_menu":"0","ocean_custom_header_template":"0","ocean_custom_logo":0,"ocean_custom_retina_logo":0,"ocean_custom_logo_max_width":0,"ocean_custom_logo_tablet_max_width":0,"ocean_custom_logo_mobile_max_width":0,"ocean_custom_logo_max_height":0,"ocean_custom_logo_tablet_max_height":0,"ocean_custom_logo_mobile_max_height":0,"ocean_header_custom_menu":"0","ocean_menu_typo_font_family":"0","ocean_menu_typo_font_subset":"","ocean_menu_typo_font_size":0,"ocean_menu_typo_font_size_tablet":0,"ocean_menu_typo_font_size_mobile":0,"ocean_menu_typo_font_size_unit":"px","ocean_menu_typo_font_weight":"","ocean_menu_typo_font_weight_tablet":"","ocean_menu_typo_font_weight_mobile":"","ocean_menu_typo_transform":"","ocean_menu_typo_transform_tablet":"","ocean_menu_typo_transform_mobile":"","ocean_menu_typo_line_height":0,"ocean_menu_typo_line_height_tablet":0,"ocean_menu_typo_line_height_mobile":0,"ocean_menu_typo_line_height_unit":"","ocean_menu_typo_spacing":0,"ocean_menu_typo_spacing_tablet":0,"ocean_menu_typo_spacing_mobile":0,"ocean_menu_typo_spacing_unit":"","ocean_menu_link_color":"","ocean_menu_link_color_hover":"","ocean_menu_link_color_active":"","ocean_menu_link_background":"","ocean_menu_link_hover_background":"","ocean_menu_link_active_background":"","ocean_menu_social_links_bg":"","ocean_menu_social_hover_links_bg":"","ocean_menu_social_links_color":"","ocean_menu_social_hover_links_color":"","ocean_disable_title":"default","ocean_disable_heading":"default","ocean_post_title":"","ocean_post_subheading":"","ocean_post_title_style":"","ocean_post_title_background_color":"","ocean_post_title_background":0,"ocean_post_title_bg_image_position":"","ocean_post_title_bg_image_attachment":"","ocean_post_title_bg_image_repeat":"","ocean_post_title_bg_image_size":"","ocean_post_title_height":0,"ocean_post_title_bg_overlay":0.5,"ocean_post_title_bg_overlay_color":"","ocean_disable_breadcrumbs":"default","ocean_breadcrumbs_color":"","ocean_breadcrumbs_separator_color":"","ocean_breadcrumbs_links_color":"","ocean_breadcrumbs_links_hover_color":"","ocean_display_footer_widgets":"default","ocean_display_footer_bottom":"default","ocean_custom_footer_template":"0","osh_disable_topbar_sticky":"default","osh_disable_header_sticky":"default","osh_sticky_header_style":"default","osh_sticky_header_effect":"","osh_custom_sticky_logo":0,"osh_custom_retina_sticky_logo":0,"osh_custom_sticky_logo_height":0,"osh_background_color":"","osh_links_color":"","osh_links_hover_color":"","osh_links_active_color":"","osh_links_bg_color":"","osh_links_hover_bg_color":"","osh_links_active_bg_color":"","osh_menu_social_links_color":"","osh_menu_social_hover_links_color":"","footnotes":""},"class_list":["post-3181","page","type-page","status-publish","hentry","entry","owp-thumbs-layout-horizontal","owp-btn-normal","owp-tabs-layout-horizontal","has-no-thumbnails","has-product-nav"],"jetpack_sharing_enabled":true,"_links":{"self":[{"href":"https:\/\/www.duminot.com\/en\/wp-json\/wp\/v2\/pages\/3181","targetHints":{"allow":["GET"]}}],"collection":[{"href":"https:\/\/www.duminot.com\/en\/wp-json\/wp\/v2\/pages"}],"about":[{"href":"https:\/\/www.duminot.com\/en\/wp-json\/wp\/v2\/types\/page"}],"author":[{"embeddable":true,"href":"https:\/\/www.duminot.com\/en\/wp-json\/wp\/v2\/users\/1"}],"replies":[{"embeddable":true,"href":"https:\/\/www.duminot.com\/en\/wp-json\/wp\/v2\/comments?post=3181"}],"version-history":[{"count":2,"href":"https:\/\/www.duminot.com\/en\/wp-json\/wp\/v2\/pages\/3181\/revisions"}],"predecessor-version":[{"id":3330,"href":"https:\/\/www.duminot.com\/en\/wp-json\/wp\/v2\/pages\/3181\/revisions\/3330"}],"wp:attachment":[{"href":"https:\/\/www.duminot.com\/en\/wp-json\/wp\/v2\/media?parent=3181"}],"curies":[{"name":"wp","href":"https:\/\/api.w.org\/{rel}","templated":true}]}}